{"id":22,"date":"2016-03-22T23:34:14","date_gmt":"2016-03-22T23:34:14","guid":{"rendered":"http:\/\/kunst.evabrenner.de\/?page_id=22"},"modified":"2019-11-22T19:09:38","modified_gmt":"2019-11-22T18:09:38","slug":"zur-person","status":"publish","type":"page","link":"https:\/\/www.evabrenner.de\/en\/zur-person\/","title":{"rendered":"About the artist"},"content":{"rendered":"<p><img loading=\"lazy\" decoding=\"async\" class=\"alignnone size-medium wp-image-342\" src=\"http:\/\/kunst.evabrenner.de\/wp-content\/uploads\/2017\/02\/roteskleid-300x300.jpg\" alt=\"\" width=\"300\" height=\"300\" srcset=\"https:\/\/www.evabrenner.de\/wp-content\/uploads\/2017\/02\/roteskleid-300x300.jpg 300w, https:\/\/www.evabrenner.de\/wp-content\/uploads\/2017\/02\/roteskleid-100x100.jpg 100w, https:\/\/www.evabrenner.de\/wp-content\/uploads\/2017\/02\/roteskleid.jpg 340w\" sizes=\"(max-width: 300px) 100vw, 300px\" \/><\/p>\n<h4>Eva Brenner<\/h4>\n<p>1963 born in Nuremberg<br \/>Master school for fashion in Munich<br \/>Costume designer at the Erlangen Theatre, Germany<br \/>Studied at the Academy of Fine Arts in Nuremberg<br \/>lives and works in Nuremberg<\/p>\n<h4>Exhibitions<\/h4>\n<p><strong>2000<\/strong> \u00a0\u00a0 2000 &quot;Multiple Choice&quot;, ADG, Nuremberg<br \/><strong>2003<\/strong> \u00a0\u00a0 2003 &quot;pure suit of happiness N\u00b01&quot; - Performance, GOHO, Nuremberg<br \/><strong>2003<\/strong> \u00a0\u00a0 2003 solo exhibition Gallery Dorothea Schrade, Illereichen, Germany<br \/><strong>2003<\/strong> \u00a0\u00a0 2003 &quot;Wheelchair rental to anyone&quot; - Ortung, Schwabach, Germany<br \/><strong>2004<\/strong> \u00a0\u00a0 2004 &quot;Stations of the Cross&quot; 14 videos + altar, Frauenkirche (&quot;Church of Our Lady&quot;), Nuremberg<br \/><strong>2004<\/strong> \u00a0\u00a0 2004 &quot;Chichi...chic&quot;, Kunsthalle (Art Gallery) Nuremberg<br \/><strong>2006<\/strong> \u00a0\u00a0 2006 &quot;Dancing with dwarves&quot;, Kunsthalle (Art Gallery) Nuremberg<br \/><strong>2007<\/strong> \u00a0\u00a0 2007 &quot;so put on god&#039;s armor now!&quot; Gallery LandskronSchneidzik<br \/><strong>2009<\/strong> \u00a0\u00a0 2009 &quot;Laminating instead of lamenting&quot; Galeriehaus Defet<br \/><strong>2009<\/strong> \u00a0\u00a0 2009 Foundation of <strong>einfachLEBEN,<\/strong>, <br \/>\u00a0\u00a0\u00a0 \u00a0\u00a0 \u00a0\u00a0 \u00a0\u00a0 \u00a0\u00a0 Association for the Promotion of Good and Beautiful Living<br \/>\u00a0\u00a0\u00a0 \u00a0\u00a0 \u00a0\u00a0 \u00a0\u00a0 \u00a0\u00a0 for people with special needs e.V.<br \/><strong>2010<\/strong> \u00a0\u00a0 2010 \"holy, now! N\u00b01\",  Kunsthalle (Art Gallery) Nuremberg<br \/><strong>2010<\/strong> \u00a0\u00a0 2010 \"holy, now! N\u00b02\",  Herz-Jesu-Kirche (\u201cSacred Heart Church\u201d), Erlangen, Germany<br \/><strong>2014<\/strong> \u00a0\u00a0 2014 \"holy, now! N\u00b03\",  Bamberg Cathedral, Bamberg<br \/><strong>2015<\/strong> \u00a0\u00a0 2015 &quot;HEIL&quot; - Exhibition and Performance, Borgo Ensemble, Nuremberg<br \/><strong>2017<\/strong> \u00a0\u00a0 2017 &quot;HEIL refurbished&quot; - &quot;Best of&quot; group exhibition at AEG,\nNuremberg \u00a0\u00a0 \u00a0\u00a0 \u00a0\u00a0 <br \/>\u00a0\u00a0 \u00a0\u00a0 \u00a0\u00a0 \u00a0\u00a0 \u00a0\u00a0 \u00a0\u00a0 Nuremberg<br \/><strong>2017<\/strong> \u00a0\u00a0 2017 \"holy, now! N\u00b04\" - St. Hedwig's Cathedral, Berlin<br \/><strong>2018<\/strong> \u00a0\u00a0 2018 &quot;HEIL - refurbished&quot; exhibition, Borgo Ensemble, Nuremberg<\/p>\n\n\n<p><\/p>\n<div class=\"shariff shariff-align-flex-start shariff-widget-align-flex-start\"><ul class=\"shariff-buttons theme-round orientation-horizontal buttonsize-small\"><li class=\"shariff-button twitter shariff-nocustomcolor\" style=\"background-color:#1e3050\"><a href=\"https:\/\/twitter.com\/share?url=https%3A%2F%2Fwww.evabrenner.de%2Fen%2Fzur-person%2F&text=Zur%20Person\" title=\"Share on X (Twitter)\" aria-label=\"Share on X (Twitter)\" role=\"button\" rel=\"noreferrernoopener nofollow\" class=\"shariff-link\" style=\"; background-color:#000000; color:#fff\" target=\"_blank\"><span class=\"shariff-icon\" style=\"\"><svg xmlns=\"http:\/\/www.w3.org\/2000\/svg\" height=\"1em\" viewbox=\"0 0 512 512\"><!--! Font Awesome Free 6.4.2 by @fontawesome - https:\/\/fontawesome.com License - https:\/\/fontawesome.com\/license (Commercial License) Copyright 2023 Fonticons, Inc. --><style>svg{fill:#ffffff}<\/style><path d=\"M389.2 48h70.6L305.6 224.2 487 464H345L233.7 318.6 106.5 464H35.8L200.7 275.5 26.8 48H172.4L272.9 180.9 389.2 48zM364.4 421.8h39.1L151.1 88h-42L364.4 421.8z\"\/><\/svg><\/span><\/a><\/li><li class=\"shariff-button facebook shariff-nocustomcolor\" style=\"background-color:#4273c8\"><a href=\"https:\/\/www.facebook.com\/sharer\/sharer.php?u=https%3A%2F%2Fwww.evabrenner.de%2Fen%2Fzur-person%2F\" title=\"Share on Facebook\" aria-label=\"Share on Facebook\" role=\"button\" rel=\"noreferrernoopener nofollow\" class=\"shariff-link\" style=\"; background-color:#3b5998; color:#fff\" target=\"_blank\"><span class=\"shariff-icon\" style=\"\"><svg width=\"32px\" height=\"20px\" xmlns=\"http:\/\/www.w3.org\/2000\/svg\" viewbox=\"0 0 18 32\"><path fill=\"#3b5998\" d=\"M17.1 0.2v4.7h-2.8q-1.5 0-2.1 0.6t-0.5 1.9v3.4h5.2l-0.7 5.3h-4.5v13.6h-5.5v-13.6h-4.5v-5.3h4.5v-3.9q0-3.3 1.9-5.2t5-1.8q2.6 0 4.1 0.2z\"\/><\/svg><\/span><\/a><\/li><\/ul><\/div>","protected":false},"excerpt":{"rendered":"<p>Eva Brenner 1963 in N\u00fcrnberg geborenMeisterschule f\u00fcr Mode in M\u00fcnchenKost\u00fcmbildnerin\/Gewandmeisterin am Theater ErlangenStudium an der Akademie der Bildenden K\u00fcnste in N\u00fcrnberglebt und arbeitet in N\u00fcrnberg Ausstellungen 2000 \u00a0\u00a0 \u201eMultiple Choice\u201c, ADG, N\u00fcrnberg2003 \u00a0\u00a0 \u201epure suit of happiness N\u00b01\u201c \u2013 Performance, GOHO2003 \u00a0\u00a0 Einzelausstellung Galerie Dorothea [&hellip;]<\/p>","protected":false},"author":1,"featured_media":0,"parent":0,"menu_order":0,"comment_status":"closed","ping_status":"closed","template":"","meta":{"footnotes":""},"_links":{"self":[{"href":"https:\/\/www.evabrenner.de\/en\/wp-json\/wp\/v2\/pages\/22"}],"collection":[{"href":"https:\/\/www.evabrenner.de\/en\/wp-json\/wp\/v2\/pages"}],"about":[{"href":"https:\/\/www.evabrenner.de\/en\/wp-json\/wp\/v2\/types\/page"}],"author":[{"embeddable":true,"href":"https:\/\/www.evabrenner.de\/en\/wp-json\/wp\/v2\/users\/1"}],"replies":[{"embeddable":true,"href":"https:\/\/www.evabrenner.de\/en\/wp-json\/wp\/v2\/comments?post=22"}],"version-history":[{"count":17,"href":"https:\/\/www.evabrenner.de\/en\/wp-json\/wp\/v2\/pages\/22\/revisions"}],"predecessor-version":[{"id":981,"href":"https:\/\/www.evabrenner.de\/en\/wp-json\/wp\/v2\/pages\/22\/revisions\/981"}],"wp:attachment":[{"href":"https:\/\/www.evabrenner.de\/en\/wp-json\/wp\/v2\/media?parent=22"}],"curies":[{"name":"wp","href":"https:\/\/api.w.org\/{rel}","templated":true}]}}